{"id":8317,"date":"2025-07-02T14:15:16","date_gmt":"2025-07-02T12:15:16","guid":{"rendered":"https:\/\/hardgym.sk\/?page_id=8317"},"modified":"2026-04-30T13:00:04","modified_gmt":"2026-04-30T11:00:04","slug":"camp","status":"publish","type":"page","link":"https:\/\/hardgym.sk\/?page_id=8317","title":{"rendered":"Camp"},"content":{"rendered":"<section style=\"\nbackground:#0b0b0b;\npadding:80px 20px;\ncolor:#fff;\nfont-family:-apple-system,BlinkMacSystemFont,'Segoe UI',Roboto,Inter,Arial,sans-serif;\ntext-align:center;\n\"><\/p>\n<h2 style=\"font-size:40px;margin-bottom:50px;\">\nHARDGYM CAMPS<br \/>\n<\/h2>\n<div style=\"max-width:1200px;margin:auto;\">\n<p><!-- ================= CARD 1 ================= --><br \/>\n<a href=\"https:\/\/hardgym.sk\/?page_id=8828\" style=\"text-decoration:none;color:white;\"><\/p>\n<div style=\"\nwidth:320px;\ndisplay:inline-block;\nvertical-align:top;\nmargin:18px;\nbackground:#111;\nborder-radius:22px;\nborder:1px solid #1f1f1f;\noverflow:hidden;\nbox-shadow:0 20px 50px rgba(0,0,0,.6);\n\"><\/p>\n<p><!-- IMAGE --><\/p>\n<div style=\"\nheight:200px;\nbackground:url('https:\/\/images.unsplash.com\/photo-1507525428034-b723cf961d3e') center\/cover;\n\"><\/div>\n<p><!-- CONTENT --><\/p>\n<div style=\"padding:22px;\">\n<div style=\"font-size:20px;font-weight:600;\">\nSURF CAMP MAROKO\n<\/div>\n<div style=\"color:#aaa;margin-top:6px;font-size:14px;\">\n1.4 \u2013 10.4 \u2022 Taghazout\n<\/div>\n<div style=\"\nfont-size:30px;\ncolor:#e11d48;\nfont-weight:700;\nmargin-top:10px;\"><br \/>\nUkon\u010den\u00e9\n<\/div>\n<div style=\"\nmargin-top:14px;\ndisplay:inline-block;\npadding:8px 16px;\nborder-radius:999px;\nbackground:#e11d48;\nfont-size:13px;\"><br \/>\nZOBRAZI\u0164 DETAIL\n<\/div>\n<\/div>\n<\/div>\n<p><\/a><\/p>\n<p><!-- ================= CARD 2 ================= --><br \/>\n<a href=\"https:\/\/hardgym.sk\/?page_id=8879\" style=\"text-decoration:none;color:white;\"><\/p>\n<div style=\"\nwidth:320px;\ndisplay:inline-block;\nvertical-align:top;\nmargin:18px;\nbackground:#111;\nborder-radius:22px;\nborder:1px solid #1f1f1f;\noverflow:hidden;\nbox-shadow:0 20px 50px rgba(0,0,0,.6);\n\"><\/p>\n<p><!-- IMAGE --><\/p>\n<div style=\"\nheight:200px;\nbackground:url('https:\/\/hardgym.sk\/wp-content\/uploads\/1.jpg') center\/cover;\n\"><\/div>\n<p><!-- CONTENT --><\/p>\n<div style=\"padding:22px;\">\n<div style=\"font-size:20px;font-weight:600;\">\nMAROKO TOURIST EXPERIENCE\n<\/div>\n<div style=\"color:#aaa;margin-top:6px;font-size:14px;\">\n15.\u201319.8 \u2022 Toubkal\n<\/div>\n<div style=\"\nfont-size:30px;\ncolor:#e11d48;\nfont-weight:700;\nmargin-top:10px;\"><br \/>\nod 400 \u20ac\n<\/div>\n<div style=\"\nmargin-top:14px;\ndisplay:inline-block;\npadding:8px 16px;\nborder-radius:999px;\nbackground:#e11d48;\nfont-size:13px;\"><br \/>\nZOBRAZI\u0164 DETAIL\n<\/div>\n<\/div>\n<\/div>\n<p><\/a><\/p>\n<\/div>\n<\/section>\n","protected":false},"excerpt":{"rendered":"<p>HARDGYM CAMPS SURF CAMP MAROKO 1.4 \u2013 10.4 \u2022 Taghazout Ukon\u010den\u00e9 ZOBRAZI\u0164 DETAIL MAROKO TOURIST EXPERIENCE 15.\u201319.8 \u2022 Toubkal od 400 \u20ac ZOBRAZI\u0164 DETAIL<\/p>\n","protected":false},"author":13173,"featured_media":0,"parent":0,"menu_order":0,"comment_status":"closed","ping_status":"closed","template":"","meta":[],"_links":{"self":[{"href":"https:\/\/hardgym.sk\/index.php?rest_route=\/wp\/v2\/pages\/8317"}],"collection":[{"href":"https:\/\/hardgym.sk\/index.php?rest_route=\/wp\/v2\/pages"}],"about":[{"href":"https:\/\/hardgym.sk\/index.php?rest_route=\/wp\/v2\/types\/page"}],"author":[{"embeddable":true,"href":"https:\/\/hardgym.sk\/index.php?rest_route=\/wp\/v2\/users\/13173"}],"replies":[{"embeddable":true,"href":"https:\/\/hardgym.sk\/index.php?rest_route=%2Fwp%2Fv2%2Fcomments&post=8317"}],"version-history":[{"count":19,"href":"https:\/\/hardgym.sk\/index.php?rest_route=\/wp\/v2\/pages\/8317\/revisions"}],"predecessor-version":[{"id":8908,"href":"https:\/\/hardgym.sk\/index.php?rest_route=\/wp\/v2\/pages\/8317\/revisions\/8908"}],"wp:attachment":[{"href":"https:\/\/hardgym.sk\/index.php?rest_route=%2Fwp%2Fv2%2Fmedia&parent=8317"}],"curies":[{"name":"wp","href":"https:\/\/api.w.org\/{rel}","templated":true}]}}