{"id":23,"date":"2012-07-26T12:57:12","date_gmt":"2012-07-26T10:57:12","guid":{"rendered":"http:\/\/quanticalabs.com\/wp_themes\/gymbase\/?page_id=23"},"modified":"2015-03-25T00:49:54","modified_gmt":"2015-03-24T23:49:54","slug":"blog","status":"publish","type":"page","link":"https:\/\/hardgym.sk\/?page_id=23","title":{"rendered":"Novinky"},"content":{"rendered":"<div class=\"vc_row wpb_row vc_row-fluid \">\n\t<div class=\"vc_col-sm-8 wpb_column vc_column_container \">\n\t\t<div class=\"wpb_wrapper\">\n\t\t\t\t\t<ul class=\"blog clearfix\">\n\t\t\t\t\t\t\t<li class=\"class post-8147 post type-post status-publish format-standard hentry category-events-news\">\n\t\t\t\t\t<div class=\"comment_box\">\n\t\t\t\t\t\t<div class=\"first_row\">\n\t\t\t\t\t\t\t15<span class=\"second_row\">M\u00e1J<\/span>\n\t\t\t\t\t\t<\/div>\n\t\t\t\t\t\t<a class=\"comments_number\" href=\"https:\/\/hardgym.sk\/?p=8147#respond\" title=\"0 Koment\u00e1re\">\n\t\t\t\t\t\t\t0 Koment\u00e1re\t\t\t\t\t\t<\/a>\n\t\t\t\t\t<\/div>\n\t\t\t\t\t<div class=\"post_content\">\n\t\t\t\t\t\t\t\t\t\t\t\t<h2>\n\t\t\t\t\t\t\t<a href=\"https:\/\/hardgym.sk\/?p=8147\" title=\"Pozv\u00e1nka na otvorenie Leta a 11. rokov s HardGymom!\">\n\t\t\t\t\t\t\t\tPozv\u00e1nka na otvorenie Leta a 11. rokov s HardGymom!\t\t\t\t\t\t\t<\/a>\n\t\t\t\t\t\t<\/h2>\n\t\t\t\t\t\t<div class=\"text\">\n\t\t\t\t\t\t\t<p>Ahojte HardGym\u00e1ci! S rados\u0165ou v\u00e1s poz\u00fdvame na na\u0161u ka\u017edoro\u010dn\u00fa letn\u00fa akciu: Otvorenie leta &amp; 11 rokov v HardGyme HardGym, Pekn\u00e1 cesta 6A Sobota 14.6. Za\u010d\u00edname o 17:00 @ zapisuj do kalend\u00e1ra \u010cak\u00e1 n\u00e1s pohodov\u00e9 posedenie, grilova\u010dka, \u0161ipkov\u00fd turnaj a skvel\u00e1 spolo\u010dnos\u0165 \u2013 ide\u00e1lna pr\u00edle\u017eitos\u0165 porozpr\u00e1va\u0165 sa, spozna\u0165 \u013eud\u00ed z fitka a dobre sa zabavi\u0165. Budeme<\/p>\n\t\t\t\t\t\t<\/div>\n\t\t\t\t\t\t<div class=\"post_footer\">\n\t\t\t\t\t\t\t<ul class=\"categories\">\n\t\t\t\t\t\t\t\t<li class=\"posted_by\">od Lukas B.<\/li>\n\t\t\t\t\t\t\t\t\t\t\t\t\t\t\t\t\t<li>\n\t\t\t\t\t\t\t\t\t\t<a href=\"https:\/\/hardgym.sk\/?cat=49\" title=\"View all posts filed under Akcie\">\n\t\t\t\t\t\t\t\t\t\t\tAkcie\t\t\t\t\t\t\t\t\t\t<\/a>\n\t\t\t\t\t\t\t\t\t<\/li>\n\t\t\t\t\t\t\t\t\t\t\t\t\t\t\t<\/ul>\n\t\t\t\t\t\t\t<a class=\"more icon_small_arrow margin_right_white\" href=\"https:\/\/hardgym.sk\/?p=8147\" title=\"Viac\">Viac<\/a>\n\t\t\t\t\t\t<\/div>\n\t\t\t\t\t<\/div>\n\t\t\t\t<\/li>\n\t\t\t\t\t\t\t<li class=\"class post-8149 post type-post status-publish format-standard hentry category-announcements\">\n\t\t\t\t\t<div class=\"comment_box\">\n\t\t\t\t\t\t<div class=\"first_row\">\n\t\t\t\t\t\t\t19<span class=\"second_row\">APR<\/span>\n\t\t\t\t\t\t<\/div>\n\t\t\t\t\t\t<a class=\"comments_number\" href=\"https:\/\/hardgym.sk\/?p=8149#respond\" title=\"0 Koment\u00e1re\">\n\t\t\t\t\t\t\t0 Koment\u00e1re\t\t\t\t\t\t<\/a>\n\t\t\t\t\t<\/div>\n\t\t\t\t\t<div class=\"post_content\">\n\t\t\t\t\t\t\t\t\t\t\t\t<h2>\n\t\t\t\t\t\t\t<a href=\"https:\/\/hardgym.sk\/?p=8149\" title=\"Nede\u013en\u00e1 joga s medit\u00e1ciou a pranay\u00e1mou\">\n\t\t\t\t\t\t\t\tNede\u013en\u00e1 joga s medit\u00e1ciou a pranay\u00e1mou\t\t\t\t\t\t\t<\/a>\n\t\t\t\t\t\t<\/h2>\n\t\t\t\t\t\t<div class=\"text\">\n\t\t\t\t\t\t\t<p>potrebuje\u0161 na konci t\u00fd\u017ed\u0148a vypn\u00fa\u0165, nad\u00fdchnu\u0165 sa a spoji\u0165 sa so sebou? M\u00e1me pre teba nie\u010do v\u00fdnimo\u010dn\u00e9 \u2013 nov\u00fd nede\u013en\u00fd joga tr\u00e9ning v HardGyme ! \u200d\u2642\ufe0f Vinyasa joga s medit\u00e1ciou\u00a0(pranay\u00e1ma) a d\u00fdchac\u00edmi technikami Ka\u017ed\u00fa nede\u013eu o 18:15-19:30 Tr\u00e9ning prebieha pri min. po\u010dte 2 \u00fa\u010dastn\u00edkov Povedie \u0165a n\u00e1\u0161 nov\u00fd sk\u00fasen\u00fd lektor Rodoslav, ktor\u00fd prin\u00e1\u0161a do HardGymu<\/p>\n\t\t\t\t\t\t<\/div>\n\t\t\t\t\t\t<div class=\"post_footer\">\n\t\t\t\t\t\t\t<ul class=\"categories\">\n\t\t\t\t\t\t\t\t<li class=\"posted_by\">od Lukas B.<\/li>\n\t\t\t\t\t\t\t\t\t\t\t\t\t\t\t\t\t<li>\n\t\t\t\t\t\t\t\t\t\t<a href=\"https:\/\/hardgym.sk\/?cat=50\" title=\"View all posts filed under Oznamy\">\n\t\t\t\t\t\t\t\t\t\t\tOznamy\t\t\t\t\t\t\t\t\t\t<\/a>\n\t\t\t\t\t\t\t\t\t<\/li>\n\t\t\t\t\t\t\t\t\t\t\t\t\t\t\t<\/ul>\n\t\t\t\t\t\t\t<a class=\"more icon_small_arrow margin_right_white\" href=\"https:\/\/hardgym.sk\/?p=8149\" title=\"Viac\">Viac<\/a>\n\t\t\t\t\t\t<\/div>\n\t\t\t\t\t<\/div>\n\t\t\t\t<\/li>\n\t\t\t\t\t\t\t<li class=\"class post-7374 post type-post status-publish format-standard hentry category-announcements\">\n\t\t\t\t\t<div class=\"comment_box\">\n\t\t\t\t\t\t<div class=\"first_row\">\n\t\t\t\t\t\t\t06<span class=\"second_row\">JAN<\/span>\n\t\t\t\t\t\t<\/div>\n\t\t\t\t\t\t<a class=\"comments_number\" href=\"https:\/\/hardgym.sk\/?p=7374#respond\" title=\"0 Koment\u00e1re\">\n\t\t\t\t\t\t\t0 Koment\u00e1re\t\t\t\t\t\t<\/a>\n\t\t\t\t\t<\/div>\n\t\t\t\t\t<div class=\"post_content\">\n\t\t\t\t\t\t\t\t\t\t\t\t<h2>\n\t\t\t\t\t\t\t<a href=\"https:\/\/hardgym.sk\/?p=7374\" title=\"Zmena Konceptu a otv\u00e1rac\u00edch hod\u00edn\">\n\t\t\t\t\t\t\t\tZmena Konceptu a otv\u00e1rac\u00edch hod\u00edn\t\t\t\t\t\t\t<\/a>\n\t\t\t\t\t\t<\/h2>\n\t\t\t\t\t\t<div class=\"text\">\n\t\t\t\t\t\t\t<p>U\u017e nie sme len gym so skupinov\u00fdmi tr\u00e9ningami ale aj fitness centrum plne strojov a kardio z\u00f3ny . Od 1.1.2024 sme pred\u013e\u017eily aj otv\u00e1racie hodiny na skoro cel\u00fd de\u0148. Pondelok a\u017e Piatok 06:30-12:00 a 15:00-21:00 v\u00fdkendy zatia\u013e sobota 08:00-12:00 a nede\u013ea 15:00-20:00. Te\u0161\u00edme sa na V\u00e1s .<\/p>\n\t\t\t\t\t\t<\/div>\n\t\t\t\t\t\t<div class=\"post_footer\">\n\t\t\t\t\t\t\t<ul class=\"categories\">\n\t\t\t\t\t\t\t\t<li class=\"posted_by\">od Lukas B.<\/li>\n\t\t\t\t\t\t\t\t\t\t\t\t\t\t\t\t\t<li>\n\t\t\t\t\t\t\t\t\t\t<a href=\"https:\/\/hardgym.sk\/?cat=50\" title=\"View all posts filed under Oznamy\">\n\t\t\t\t\t\t\t\t\t\t\tOznamy\t\t\t\t\t\t\t\t\t\t<\/a>\n\t\t\t\t\t\t\t\t\t<\/li>\n\t\t\t\t\t\t\t\t\t\t\t\t\t\t\t<\/ul>\n\t\t\t\t\t\t\t<a class=\"more icon_small_arrow margin_right_white\" href=\"https:\/\/hardgym.sk\/?p=7374\" title=\"Viac\">Viac<\/a>\n\t\t\t\t\t\t<\/div>\n\t\t\t\t\t<\/div>\n\t\t\t\t<\/li>\n\t\t\t\t\t\t<ul class='pagination'><li class='selected'><span>1<\/span><\/li><li><a href='https:\/\/hardgym.sk\/index.php?rest_route=%2Fwp%2Fv2%2Fpages%2F23&#038;paged=2'>2<\/a><\/li><li><a href='https:\/\/hardgym.sk\/index.php?rest_route=%2Fwp%2Fv2%2Fpages%2F23&#038;paged=3'>3<\/a><\/li><li><a href='https:\/\/hardgym.sk\/index.php?rest_route=%2Fwp%2Fv2%2Fpages%2F23&#038;paged=2'>&rsaquo;<\/a><\/li><li><a href='https:\/\/hardgym.sk\/index.php?rest_route=%2Fwp%2Fv2%2Fpages%2F23&#038;paged=11'>&raquo;<\/a><\/li><\/ul>\t\t<\/ul>\n\t\n\t\t<\/div> \n\t<\/div> \n\n\t<div class=\"vc_col-sm-4 wpb_column vc_column_container \">\n\t\t<div class=\"wpb_wrapper\">\n\t\t\t\n\t<div class=\"wpb_widgetised_column wpb_content_element clearfix\">\n\t\t<div class=\"wpb_wrapper\">\n\t\t\t\n\t\t<\/div> \n\t<\/div> \n\t\t<\/div> \n\t<\/div> \n<\/div>\n","protected":false},"excerpt":{"rendered":"U\u017e nie sme len gym so skupinov\u00fdmi tr\u00e9ningami ale aj fitness centrum plne strojov a kardio z\u00f3ny . Od 1.1.2024 sme pred\u013e\u017eily aj otv\u00e1racie hodiny na skoro cel\u00fd de\u0148. Pondelok a\u017e Piatok 06:30-12:00 a 15:00-21:00 v\u00fdkendy zatia\u013e sobota 08:00-12:00 a nede\u013ea 15:00-20:00. Te\u0161\u00edme sa na V\u00e1s .","protected":false},"author":1,"featured_media":0,"parent":0,"menu_order":0,"comment_status":"open","ping_status":"closed","template":"template-blog.php","meta":[],"_links":{"self":[{"href":"https:\/\/hardgym.sk\/index.php?rest_route=\/wp\/v2\/pages\/23"}],"collection":[{"href":"https:\/\/hardgym.sk\/index.php?rest_route=\/wp\/v2\/pages"}],"about":[{"href":"https:\/\/hardgym.sk\/index.php?rest_route=\/wp\/v2\/types\/page"}],"author":[{"embeddable":true,"href":"https:\/\/hardgym.sk\/index.php?rest_route=\/wp\/v2\/users\/1"}],"replies":[{"embeddable":true,"href":"https:\/\/hardgym.sk\/index.php?rest_route=%2Fwp%2Fv2%2Fcomments&post=23"}],"version-history":[{"count":7,"href":"https:\/\/hardgym.sk\/index.php?rest_route=\/wp\/v2\/pages\/23\/revisions"}],"predecessor-version":[{"id":387,"href":"https:\/\/hardgym.sk\/index.php?rest_route=\/wp\/v2\/pages\/23\/revisions\/387"}],"wp:attachment":[{"href":"https:\/\/hardgym.sk\/index.php?rest_route=%2Fwp%2Fv2%2Fmedia&parent=23"}],"curies":[{"name":"wp","href":"https:\/\/api.w.org\/{rel}","templated":true}]}}